{"id":39,"date":"2025-12-15T21:26:48","date_gmt":"2025-12-15T20:26:48","guid":{"rendered":"http:\/\/natanieruchomosci.pl\/?page_id=39"},"modified":"2025-12-15T21:26:49","modified_gmt":"2025-12-15T20:26:49","slug":"home-2","status":"publish","type":"page","link":"https:\/\/natanieruchomosci.pl\/","title":{"rendered":"Home"},"content":{"rendered":"","protected":false},"excerpt":{"rendered":"","protected":false},"author":1,"featured_media":0,"parent":0,"menu_order":0,"comment_status":"closed","ping_status":"closed","template":"","meta":{"inline_featured_image":false,"footnotes":""},"class_list":["post-39","page","type-page","status-publish","hentry"],"yoast_head":"<!-- This site is optimized with the Yoast SEO plugin v27.3 - https:\/\/yoast.com\/product\/yoast-seo-wordpress\/ -->\n<title>Home - Specjalizuj\u0119 si\u0119 w transakcjach kupna, sprzeda\u017cy oraz wynajmu lokali mieszkaniowych i komercyjnych PREMIUM.\u2028<\/title>\n<meta name=\"robots\" content=\"index, follow, max-snippet:-1, max-image-preview:large, max-video-preview:-1\" \/>\n<link rel=\"canonical\" href=\"https:\/\/natanieruchomosci.pl\/\" \/>\n<meta property=\"og:locale\" content=\"pl_PL\" \/>\n<meta property=\"og:type\" content=\"article\" \/>\n<meta property=\"og:title\" content=\"Home - Specjalizuj\u0119 si\u0119 w transakcjach kupna, sprzeda\u017cy oraz wynajmu lokali mieszkaniowych i komercyjnych PREMIUM.\u2028\" \/>\n<meta property=\"og:url\" content=\"https:\/\/natanieruchomosci.pl\/\" \/>\n<meta property=\"og:site_name\" content=\"Specjalizuj\u0119 si\u0119 w transakcjach kupna, sprzeda\u017cy oraz wynajmu lokali mieszkaniowych i komercyjnych PREMIUM.\u2028\" \/>\n<meta property=\"article:modified_time\" content=\"2025-12-15T20:26:49+00:00\" \/>\n<meta name=\"twitter:card\" content=\"summary_large_image\" \/>\n<script type=\"application\/ld+json\" class=\"yoast-schema-graph\">{\"@context\":\"https:\\\/\\\/schema.org\",\"@graph\":[{\"@type\":\"WebPage\",\"@id\":\"https:\\\/\\\/natanieruchomosci.pl\\\/\",\"url\":\"https:\\\/\\\/natanieruchomosci.pl\\\/\",\"name\":\"Home - Specjalizuj\u0119 si\u0119 w transakcjach kupna, sprzeda\u017cy oraz wynajmu lokali mieszkaniowych i komercyjnych PREMIUM.\\u2028\",\"isPartOf\":{\"@id\":\"https:\\\/\\\/natanieruchomosci.pl\\\/#website\"},\"datePublished\":\"2025-12-15T20:26:48+00:00\",\"dateModified\":\"2025-12-15T20:26:49+00:00\",\"breadcrumb\":{\"@id\":\"https:\\\/\\\/natanieruchomosci.pl\\\/#breadcrumb\"},\"inLanguage\":\"pl-PL\",\"potentialAction\":[{\"@type\":\"ReadAction\",\"target\":[\"https:\\\/\\\/natanieruchomosci.pl\\\/\"]}]},{\"@type\":\"BreadcrumbList\",\"@id\":\"https:\\\/\\\/natanieruchomosci.pl\\\/#breadcrumb\",\"itemListElement\":[{\"@type\":\"ListItem\",\"position\":1,\"name\":\"Strona g\u0142\u00f3wna\",\"item\":\"https:\\\/\\\/natanieruchomosci.pl\\\/\"},{\"@type\":\"ListItem\",\"position\":2,\"name\":\"Home\"}]},{\"@type\":\"WebSite\",\"@id\":\"https:\\\/\\\/natanieruchomosci.pl\\\/#website\",\"url\":\"https:\\\/\\\/natanieruchomosci.pl\\\/\",\"name\":\"Specjalizuj\u0119 si\u0119 w transakcjach kupna, sprzeda\u017cy oraz wynajmu lokali mieszkaniowych i komercyjnych PREMIUM.\\u2028\",\"description\":\"Chcesz sprzeda\u0107 lub wynaj\u0105\u0107 swoj\u0105 nieruchomo\u015b\u0107 - zadzwo\u0144.\",\"potentialAction\":[{\"@type\":\"SearchAction\",\"target\":{\"@type\":\"EntryPoint\",\"urlTemplate\":\"https:\\\/\\\/natanieruchomosci.pl\\\/?s={search_term_string}\"},\"query-input\":{\"@type\":\"PropertyValueSpecification\",\"valueRequired\":true,\"valueName\":\"search_term_string\"}}],\"inLanguage\":\"pl-PL\"}]}<\/script>\n<!-- \/ Yoast SEO plugin. -->","yoast_head_json":{"title":"Home - Specjalizuj\u0119 si\u0119 w transakcjach kupna, sprzeda\u017cy oraz wynajmu lokali mieszkaniowych i komercyjnych PREMIUM.\u2028","robots":{"index":"index","follow":"follow","max-snippet":"max-snippet:-1","max-image-preview":"max-image-preview:large","max-video-preview":"max-video-preview:-1"},"canonical":"https:\/\/natanieruchomosci.pl\/","og_locale":"pl_PL","og_type":"article","og_title":"Home - Specjalizuj\u0119 si\u0119 w transakcjach kupna, sprzeda\u017cy oraz wynajmu lokali mieszkaniowych i komercyjnych PREMIUM.\u2028","og_url":"https:\/\/natanieruchomosci.pl\/","og_site_name":"Specjalizuj\u0119 si\u0119 w transakcjach kupna, sprzeda\u017cy oraz wynajmu lokali mieszkaniowych i komercyjnych PREMIUM.\u2028","article_modified_time":"2025-12-15T20:26:49+00:00","twitter_card":"summary_large_image","schema":{"@context":"https:\/\/schema.org","@graph":[{"@type":"WebPage","@id":"https:\/\/natanieruchomosci.pl\/","url":"https:\/\/natanieruchomosci.pl\/","name":"Home - Specjalizuj\u0119 si\u0119 w transakcjach kupna, sprzeda\u017cy oraz wynajmu lokali mieszkaniowych i komercyjnych PREMIUM.\u2028","isPartOf":{"@id":"https:\/\/natanieruchomosci.pl\/#website"},"datePublished":"2025-12-15T20:26:48+00:00","dateModified":"2025-12-15T20:26:49+00:00","breadcrumb":{"@id":"https:\/\/natanieruchomosci.pl\/#breadcrumb"},"inLanguage":"pl-PL","potentialAction":[{"@type":"ReadAction","target":["https:\/\/natanieruchomosci.pl\/"]}]},{"@type":"BreadcrumbList","@id":"https:\/\/natanieruchomosci.pl\/#breadcrumb","itemListElement":[{"@type":"ListItem","position":1,"name":"Strona g\u0142\u00f3wna","item":"https:\/\/natanieruchomosci.pl\/"},{"@type":"ListItem","position":2,"name":"Home"}]},{"@type":"WebSite","@id":"https:\/\/natanieruchomosci.pl\/#website","url":"https:\/\/natanieruchomosci.pl\/","name":"Specjalizuj\u0119 si\u0119 w transakcjach kupna, sprzeda\u017cy oraz wynajmu lokali mieszkaniowych i komercyjnych PREMIUM.\u2028","description":"Chcesz sprzeda\u0107 lub wynaj\u0105\u0107 swoj\u0105 nieruchomo\u015b\u0107 - zadzwo\u0144.","potentialAction":[{"@type":"SearchAction","target":{"@type":"EntryPoint","urlTemplate":"https:\/\/natanieruchomosci.pl\/?s={search_term_string}"},"query-input":{"@type":"PropertyValueSpecification","valueRequired":true,"valueName":"search_term_string"}}],"inLanguage":"pl-PL"}]}},"_links":{"self":[{"href":"https:\/\/natanieruchomosci.pl\/index.php\/wp-json\/wp\/v2\/pages\/39","targetHints":{"allow":["GET"]}}],"collection":[{"href":"https:\/\/natanieruchomosci.pl\/index.php\/wp-json\/wp\/v2\/pages"}],"about":[{"href":"https:\/\/natanieruchomosci.pl\/index.php\/wp-json\/wp\/v2\/types\/page"}],"author":[{"embeddable":true,"href":"https:\/\/natanieruchomosci.pl\/index.php\/wp-json\/wp\/v2\/users\/1"}],"replies":[{"embeddable":true,"href":"https:\/\/natanieruchomosci.pl\/index.php\/wp-json\/wp\/v2\/comments?post=39"}],"version-history":[{"count":2,"href":"https:\/\/natanieruchomosci.pl\/index.php\/wp-json\/wp\/v2\/pages\/39\/revisions"}],"predecessor-version":[{"id":55,"href":"https:\/\/natanieruchomosci.pl\/index.php\/wp-json\/wp\/v2\/pages\/39\/revisions\/55"}],"wp:attachment":[{"href":"https:\/\/natanieruchomosci.pl\/index.php\/wp-json\/wp\/v2\/media?parent=39"}],"curies":[{"name":"wp","href":"https:\/\/api.w.org\/{rel}","templated":true}]}}